{"id":101,"date":"2021-12-09T16:07:51","date_gmt":"2021-12-09T15:07:51","guid":{"rendered":"http:\/\/squishyfacedcrew.system199.de\/shop\/?post_type=product&#038;p=101"},"modified":"2021-12-13T13:47:25","modified_gmt":"2021-12-13T12:47:25","slug":"kissen","status":"publish","type":"product","link":"https:\/\/photo-kissen.de\/shop\/produkt\/kissen\/","title":{"rendered":"Dein Foto &#8211;&gt; Kissen"},"content":{"rendered":"<h2>Premium Foto-Kissen<\/h2>\n<p>Hochwertige Textilarbeit und fortschrittlicher Drucktechnologie mit brillanter Wiedergabe des originalen Motivs<\/p>\n<p>Ein echter Premium-Artikell mit dem Lieblings-Foto bedruckt<\/p>\n<p>Das Fotokissen ist ein handgen\u00e4htes Bettwarenzubeh\u00f6r, das in drei Gr\u00f6\u00dfen erh\u00e4ltlich ist. Das Fotokissen zeichnet sich durch eine luxuri\u00f6se Pl\u00fcschoberfl\u00e4che und eine wunderbar weiche F\u00fcllung aus. Waschen Sie Ihr individuelles Kissen bei h\u00f6chstens 30\u00b0C f\u00fcr eine gute Pflege.<\/p>\n<p>Produktspezifikationen:<\/p>\n<ul>\n<li>Material: 100 % Polyester<\/li>\n<li>Maschinenwaschbar bis zu 30\u00b0 C<\/li>\n<li>Handgen\u00e4ht, randloser Druck<\/li>\n<li>Thermosublimationsdruck<\/li>\n<\/ul>\n<p>&nbsp;<\/p>\n<p class=\"ql-align-center\">\n","protected":false},"excerpt":{"rendered":"<p>Premium Foto-Kissen Hochwertige Textilarbeit und fortschrittlicher Drucktechnologie mit brillanter Wiedergabe des originalen Motivs Ein echter Premium-Artikell mit dem Lieblings-Foto bedruckt&hellip;<\/p>\n","protected":false},"featured_media":129,"comment_status":"open","ping_status":"closed","template":"","meta":[],"product_brand":[],"product_cat":[15],"product_tag":[],"class_list":{"0":"post-101","1":"product","2":"type-product","3":"status-publish","4":"has-post-thumbnail","6":"product_cat-unkategorisiert","7":"pa_grossecm-30x30cm","8":"pa_grossecm-40x40cm","9":"pa_grossecm-60x60cm","11":"first","12":"instock","13":"sale","14":"shipping-taxable","15":"purchasable","16":"product-type-variable"},"_links":{"self":[{"href":"https:\/\/photo-kissen.de\/shop\/wp-json\/wp\/v2\/product\/101","targetHints":{"allow":["GET"]}}],"collection":[{"href":"https:\/\/photo-kissen.de\/shop\/wp-json\/wp\/v2\/product"}],"about":[{"href":"https:\/\/photo-kissen.de\/shop\/wp-json\/wp\/v2\/types\/product"}],"replies":[{"embeddable":true,"href":"https:\/\/photo-kissen.de\/shop\/wp-json\/wp\/v2\/comments?post=101"}],"wp:featuredmedia":[{"embeddable":true,"href":"https:\/\/photo-kissen.de\/shop\/wp-json\/wp\/v2\/media\/129"}],"wp:attachment":[{"href":"https:\/\/photo-kissen.de\/shop\/wp-json\/wp\/v2\/media?parent=101"}],"wp:term":[{"taxonomy":"product_brand","embeddable":true,"href":"https:\/\/photo-kissen.de\/shop\/wp-json\/wp\/v2\/product_brand?post=101"},{"taxonomy":"product_cat","embeddable":true,"href":"https:\/\/photo-kissen.de\/shop\/wp-json\/wp\/v2\/product_cat?post=101"},{"taxonomy":"product_tag","embeddable":true,"href":"https:\/\/photo-kissen.de\/shop\/wp-json\/wp\/v2\/product_tag?post=101"}],"curies":[{"name":"wp","href":"https:\/\/api.w.org\/{rel}","templated":true}]}}